{"id":440,"date":"2024-06-13T10:30:44","date_gmt":"2024-06-13T10:30:44","guid":{"rendered":"https:\/\/gecotec.nl\/?page_id=440"},"modified":"2024-06-13T10:31:03","modified_gmt":"2024-06-13T10:31:03","slug":"privater-sektor","status":"publish","type":"page","link":"https:\/\/gecotec.nl\/?page_id=440&lang=de","title":{"rendered":"Privater Sektor"},"content":{"rendered":"\n<p>F\u00fcr Privaten ist die Wahl f\u00fcr eine Victron-Installation in der Regel verbunden mit den Wunsch f\u00fcr mehr Einfluss \u00fcber die selbst erzeugte Energie.<\/p>\n\n\n\n<p>So wird eine richtige Installationsaufbau vermeiden das die Solar Reglern vom Netzbetreuer ausgeschaltet werden und werden diese maximal die Batterien laden.<\/p>\n\n\n\n<p>Berechnet der Netzbetreiber Kosten f\u00fcr den zur\u00fcckgelieferten Strom dann kann dies zum Teil auch unterfangen und reduziert werden mittels laden der Batterien. Zus\u00e4tzlich ist mit der sehr \u00fcbersichtlichen Log-Funktion des Stromverbrauchs sowie das Zur\u00fcckliefern (Netzeinspeisen) kein unn\u00f6tiges Ausschalten der Solar Reglern zur Vermeidung von zu viel Einspeisen erforderlich und gibt es mehr Einfluss auf Kosten.<\/p>\n\n\n\n<p>Entstehen Stromst\u00f6rungen oder gibt es eine langzeitiger Netzausfall durch \u00dcberbelastung dann sp\u00fcrt der Privater davon in der Wohnung nichts da die Installation sehr schnell wechselt zum Batteriebetrieb als Backup. Sogar empfindliche Ger\u00e4te wie Rechner, Routern usw. Werden normal weiter funktionieren. Wird die Netzversorgung wieder hergestellt, wird die Installation automatisch die Verbindung herstellen und auch davon sp\u00fcrt der Privater nichts.<\/p>\n\n\n\n<p>M\u00f6chtet man dynamische Energievertr\u00e4ge benutzen und somit mit elektrische Energie handeln, dann ist auch das M\u00f6glich mit der Victron Installation und ist die Software mittlerweile daf\u00fcr integriert in die aktuelle Cerbo GX Updates (Dynamic ESS).<\/p>\n","protected":false},"excerpt":{"rendered":"<p>F\u00fcr Privaten ist die Wahl f\u00fcr eine Victron-Installation in der Regel verbunden mit den Wunsch f\u00fcr mehr Einfluss \u00fcber die [&hellip;]<\/p>\n","protected":false},"author":1,"featured_media":0,"parent":0,"menu_order":0,"comment_status":"closed","ping_status":"closed","template":"","meta":{"site-sidebar-layout":"default","site-content-layout":"","ast-site-content-layout":"","site-content-style":"default","site-sidebar-style":"default","ast-global-header-display":"","ast-banner-title-visibility":"","ast-main-header-display":"","ast-hfb-above-header-display":"","ast-hfb-below-header-display":"","ast-hfb-mobile-header-display":"","site-post-title":"","ast-breadcrumbs-content":"","ast-featured-img":"","footer-sml-layout":"","theme-transparent-header-meta":"","adv-header-id-meta":"","stick-header-meta":"","header-above-stick-meta":"","header-main-stick-meta":"","header-below-stick-meta":"","astra-migrate-meta-layouts":"default","ast-page-background-enabled":"default","ast-page-background-meta":{"desktop":{"background-color":"var(--ast-global-color-4)","background-image":"","background-repeat":"repeat","background-position":"center center","background-size":"auto","background-attachment":"scroll","background-type":"","background-media":"","overlay-type":"","overlay-color":"","overlay-gradient":""},"tablet":{"background-color":"","background-image":"","background-repeat":"repeat","background-position":"center center","background-size":"auto","background-attachment":"scroll","background-type":"","background-media":"","overlay-type":"","overlay-color":"","overlay-gradient":""},"mobile":{"background-color":"","background-image":"","background-repeat":"repeat","background-position":"center center","background-size":"auto","background-attachment":"scroll","background-type":"","background-media":"","overlay-type":"","overlay-color":"","overlay-gradient":""}},"ast-content-background-meta":{"desktop":{"background-color":"var(--ast-global-color-5)","background-image":"","background-repeat":"repeat","background-position":"center center","background-size":"auto","background-attachment":"scroll","background-type":"","background-media":"","overlay-type":"","overlay-color":"","overlay-gradient":""},"tablet":{"background-color":"var(--ast-global-color-5)","background-image":"","background-repeat":"repeat","background-position":"center center","background-size":"auto","background-attachment":"scroll","background-type":"","background-media":"","overlay-type":"","overlay-color":"","overlay-gradient":""},"mobile":{"background-color":"var(--ast-global-color-5)","background-image":"","background-repeat":"repeat","background-position":"center center","background-size":"auto","background-attachment":"scroll","background-type":"","background-media":"","overlay-type":"","overlay-color":"","overlay-gradient":""}},"footnotes":""},"class_list":["post-440","page","type-page","status-publish","hentry"],"_links":{"self":[{"href":"https:\/\/gecotec.nl\/index.php?rest_route=\/wp\/v2\/pages\/440","targetHints":{"allow":["GET"]}}],"collection":[{"href":"https:\/\/gecotec.nl\/index.php?rest_route=\/wp\/v2\/pages"}],"about":[{"href":"https:\/\/gecotec.nl\/index.php?rest_route=\/wp\/v2\/types\/page"}],"author":[{"embeddable":true,"href":"https:\/\/gecotec.nl\/index.php?rest_route=\/wp\/v2\/users\/1"}],"replies":[{"embeddable":true,"href":"https:\/\/gecotec.nl\/index.php?rest_route=%2Fwp%2Fv2%2Fcomments&post=440"}],"version-history":[{"count":1,"href":"https:\/\/gecotec.nl\/index.php?rest_route=\/wp\/v2\/pages\/440\/revisions"}],"predecessor-version":[{"id":441,"href":"https:\/\/gecotec.nl\/index.php?rest_route=\/wp\/v2\/pages\/440\/revisions\/441"}],"wp:attachment":[{"href":"https:\/\/gecotec.nl\/index.php?rest_route=%2Fwp%2Fv2%2Fmedia&parent=440"}],"curies":[{"name":"wp","href":"https:\/\/api.w.org\/{rel}","templated":true}]}}