{"id":438,"date":"2024-06-13T10:29:57","date_gmt":"2024-06-13T10:29:57","guid":{"rendered":"https:\/\/gecotec.nl\/?page_id=438"},"modified":"2024-06-13T10:29:57","modified_gmt":"2024-06-13T10:29:57","slug":"industriesektor","status":"publish","type":"page","link":"https:\/\/gecotec.nl\/?page_id=438&lang=de","title":{"rendered":"Industriesektor"},"content":{"rendered":"\n<p>Bereite das Unternehmen vor f\u00fcr die Zukunft mit ein fortschrittliches Energiemanagementsystem und benutze die technischen M\u00f6glichkeiten optimal.<\/p>\n\n\n\n<p>Unsere L\u00f6sungen entsprechen komplett der PGS37-1 Normierung und sind mit verschiedene Sicherheitsma\u00dfnahmen versehen. Das Energiemanagementsystem ist modular aufgebaut und kann in diverse Konfigurationen geliefert werden. Zus\u00e4tzlich ist k\u00fcnftig wegen der Modularit\u00e4t Anpassung und Erweiterung m\u00f6glich mit nahezu unbegrenzte M\u00f6glichkeiten.&nbsp;<\/p>\n\n\n\n<p>Energiemanagementsysteme mit automatischer Umschaltung zwischen Netzbetrieb und Batteriebetrieb k\u00f6nnen zum Beispiel sehr wichtig sein f\u00fcr:<\/p>\n\n\n\n<ul class=\"wp-block-list\">\n<li>ICT-Netzwerksysteme<\/li>\n\n\n\n<li>K\u00fchlungen von Medischen und\/oder kritischen Produkten<\/li>\n\n\n\n<li>W\u00e4rmetechnische Prozessinstallationen, die vorzugsweise kontrolliert abk\u00fchlen m\u00fcssen bei langzeitiger Netzst\u00f6rung<\/li>\n\n\n\n<li>Absaugungen und ATEX-verwandte Sicherheits- und \u00dcberwachungssysteme<\/li>\n\n\n\n<li>Kr\u00e4ne mit Magnetgreifern<\/li>\n<\/ul>\n","protected":false},"excerpt":{"rendered":"<p>Bereite das Unternehmen vor f\u00fcr die Zukunft mit ein fortschrittliches Energiemanagementsystem und benutze die technischen M\u00f6glichkeiten optimal. Unsere L\u00f6sungen entsprechen [&hellip;]<\/p>\n","protected":false},"author":1,"featured_media":0,"parent":0,"menu_order":0,"comment_status":"closed","ping_status":"closed","template":"","meta":{"site-sidebar-layout":"default","site-content-layout":"","ast-site-content-layout":"","site-content-style":"default","site-sidebar-style":"default","ast-global-header-display":"","ast-banner-title-visibility":"","ast-main-header-display":"","ast-hfb-above-header-display":"","ast-hfb-below-header-display":"","ast-hfb-mobile-header-display":"","site-post-title":"","ast-breadcrumbs-content":"","ast-featured-img":"","footer-sml-layout":"","theme-transparent-header-meta":"","adv-header-id-meta":"","stick-header-meta":"","header-above-stick-meta":"","header-main-stick-meta":"","header-below-stick-meta":"","astra-migrate-meta-layouts":"default","ast-page-background-enabled":"default","ast-page-background-meta":{"desktop":{"background-color":"var(--ast-global-color-4)","background-image":"","background-repeat":"repeat","background-position":"center center","background-size":"auto","background-attachment":"scroll","background-type":"","background-media":"","overlay-type":"","overlay-color":"","overlay-gradient":""},"tablet":{"background-color":"","background-image":"","background-repeat":"repeat","background-position":"center center","background-size":"auto","background-attachment":"scroll","background-type":"","background-media":"","overlay-type":"","overlay-color":"","overlay-gradient":""},"mobile":{"background-color":"","background-image":"","background-repeat":"repeat","background-position":"center center","background-size":"auto","background-attachment":"scroll","background-type":"","background-media":"","overlay-type":"","overlay-color":"","overlay-gradient":""}},"ast-content-background-meta":{"desktop":{"background-color":"var(--ast-global-color-5)","background-image":"","background-repeat":"repeat","background-position":"center center","background-size":"auto","background-attachment":"scroll","background-type":"","background-media":"","overlay-type":"","overlay-color":"","overlay-gradient":""},"tablet":{"background-color":"var(--ast-global-color-5)","background-image":"","background-repeat":"repeat","background-position":"center center","background-size":"auto","background-attachment":"scroll","background-type":"","background-media":"","overlay-type":"","overlay-color":"","overlay-gradient":""},"mobile":{"background-color":"var(--ast-global-color-5)","background-image":"","background-repeat":"repeat","background-position":"center center","background-size":"auto","background-attachment":"scroll","background-type":"","background-media":"","overlay-type":"","overlay-color":"","overlay-gradient":""}},"footnotes":""},"class_list":["post-438","page","type-page","status-publish","hentry"],"_links":{"self":[{"href":"https:\/\/gecotec.nl\/index.php?rest_route=\/wp\/v2\/pages\/438","targetHints":{"allow":["GET"]}}],"collection":[{"href":"https:\/\/gecotec.nl\/index.php?rest_route=\/wp\/v2\/pages"}],"about":[{"href":"https:\/\/gecotec.nl\/index.php?rest_route=\/wp\/v2\/types\/page"}],"author":[{"embeddable":true,"href":"https:\/\/gecotec.nl\/index.php?rest_route=\/wp\/v2\/users\/1"}],"replies":[{"embeddable":true,"href":"https:\/\/gecotec.nl\/index.php?rest_route=%2Fwp%2Fv2%2Fcomments&post=438"}],"version-history":[{"count":1,"href":"https:\/\/gecotec.nl\/index.php?rest_route=\/wp\/v2\/pages\/438\/revisions"}],"predecessor-version":[{"id":439,"href":"https:\/\/gecotec.nl\/index.php?rest_route=\/wp\/v2\/pages\/438\/revisions\/439"}],"wp:attachment":[{"href":"https:\/\/gecotec.nl\/index.php?rest_route=%2Fwp%2Fv2%2Fmedia&parent=438"}],"curies":[{"name":"wp","href":"https:\/\/api.w.org\/{rel}","templated":true}]}}