{"id":411,"date":"2024-06-13T10:10:23","date_gmt":"2024-06-13T10:10:23","guid":{"rendered":"https:\/\/gecotec.nl\/?page_id=411"},"modified":"2024-06-13T10:10:23","modified_gmt":"2024-06-13T10:10:23","slug":"funktionelle-sicherheit","status":"publish","type":"page","link":"https:\/\/gecotec.nl\/?page_id=411&lang=de","title":{"rendered":"Funktionelle Sicherheit"},"content":{"rendered":"\n<p>Funktionelle Sicherheit in der Form von verschiedene Sicherheitssysteme auf Anlagen wird immer umfangreicher sowie deren Anforderungen.<\/p>\n\n\n\n<p>Wir analysieren und definieren die richtige Funktionalit\u00e4t f\u00fcr die Anlage, damit Betrieb optimal ist und keine unerw\u00fcnschte (neue) Risiken entstehen.<\/p>\n\n\n\n<p>Eines der wichtigen Anforderungen f\u00fcr Sicherheitsfunktionen ist die Kontrolle Berechnung vom entsprechenden Performance Level.<\/p>\n\n\n\n<p>Wir unterst\u00fctzen die Entwicklungsabteilung wenn gew\u00fcnscht bei der Ausf\u00fchrung der kompletten Kontrolle Berechnung inklusive \u00fcbersichtiges Protokoll f\u00fcrs Technischen Dossier.<\/p>\n\n\n\n<div class=\"wp-block-media-text has-media-on-the-right is-stacked-on-mobile\"><div class=\"wp-block-media-text__content\">\n<p><\/p>\n<\/div><figure class=\"wp-block-media-text__media\"><img loading=\"lazy\" decoding=\"async\" width=\"894\" height=\"519\" src=\"https:\/\/gecotec.nl\/wp-content\/uploads\/2024\/06\/pl-berek-1.jpg\" alt=\"\" class=\"wp-image-413 size-full\" srcset=\"https:\/\/gecotec.nl\/wp-content\/uploads\/2024\/06\/pl-berek-1.jpg 894w, https:\/\/gecotec.nl\/wp-content\/uploads\/2024\/06\/pl-berek-1-300x174.jpg 300w, https:\/\/gecotec.nl\/wp-content\/uploads\/2024\/06\/pl-berek-1-768x446.jpg 768w\" sizes=\"auto, (max-width: 894px) 100vw, 894px\" \/><\/figure><\/div>\n\n\n\n<p>Eine andere Form von &#8220;Funktionelle Sicherheit&#8221; ist die Entwurfssicherheit, etwas das noch sehr Oft unzureichende Aufmerksamkeit\/Implementierung bekommt. W\u00e4hrend dies sehr Wirksam ist und im Prinzip immer funktioniert. Es ist der verpflichteter erster Schritt f\u00fcr Risikoreduzierung.<\/p>\n\n\n\n<p>Auch bei der Entwurfssicherheit kommt unser Expertise und Erfahrung zum Tragen und unterst\u00fctzen wir die Engineering.<\/p>\n","protected":false},"excerpt":{"rendered":"<p>Funktionelle Sicherheit in der Form von verschiedene Sicherheitssysteme auf Anlagen wird immer umfangreicher sowie deren Anforderungen. Wir analysieren und definieren [&hellip;]<\/p>\n","protected":false},"author":1,"featured_media":0,"parent":0,"menu_order":0,"comment_status":"closed","ping_status":"closed","template":"","meta":{"site-sidebar-layout":"default","site-content-layout":"","ast-site-content-layout":"","site-content-style":"default","site-sidebar-style":"default","ast-global-header-display":"","ast-banner-title-visibility":"","ast-main-header-display":"","ast-hfb-above-header-display":"","ast-hfb-below-header-display":"","ast-hfb-mobile-header-display":"","site-post-title":"","ast-breadcrumbs-content":"","ast-featured-img":"","footer-sml-layout":"","theme-transparent-header-meta":"","adv-header-id-meta":"","stick-header-meta":"","header-above-stick-meta":"","header-main-stick-meta":"","header-below-stick-meta":"","astra-migrate-meta-layouts":"default","ast-page-background-enabled":"default","ast-page-background-meta":{"desktop":{"background-color":"var(--ast-global-color-4)","background-image":"","background-repeat":"repeat","background-position":"center center","background-size":"auto","background-attachment":"scroll","background-type":"","background-media":"","overlay-type":"","overlay-color":"","overlay-gradient":""},"tablet":{"background-color":"","background-image":"","background-repeat":"repeat","background-position":"center center","background-size":"auto","background-attachment":"scroll","background-type":"","background-media":"","overlay-type":"","overlay-color":"","overlay-gradient":""},"mobile":{"background-color":"","background-image":"","background-repeat":"repeat","background-position":"center center","background-size":"auto","background-attachment":"scroll","background-type":"","background-media":"","overlay-type":"","overlay-color":"","overlay-gradient":""}},"ast-content-background-meta":{"desktop":{"background-color":"var(--ast-global-color-5)","background-image":"","background-repeat":"repeat","background-position":"center center","background-size":"auto","background-attachment":"scroll","background-type":"","background-media":"","overlay-type":"","overlay-color":"","overlay-gradient":""},"tablet":{"background-color":"var(--ast-global-color-5)","background-image":"","background-repeat":"repeat","background-position":"center center","background-size":"auto","background-attachment":"scroll","background-type":"","background-media":"","overlay-type":"","overlay-color":"","overlay-gradient":""},"mobile":{"background-color":"var(--ast-global-color-5)","background-image":"","background-repeat":"repeat","background-position":"center center","background-size":"auto","background-attachment":"scroll","background-type":"","background-media":"","overlay-type":"","overlay-color":"","overlay-gradient":""}},"footnotes":""},"class_list":["post-411","page","type-page","status-publish","hentry"],"_links":{"self":[{"href":"https:\/\/gecotec.nl\/index.php?rest_route=\/wp\/v2\/pages\/411","targetHints":{"allow":["GET"]}}],"collection":[{"href":"https:\/\/gecotec.nl\/index.php?rest_route=\/wp\/v2\/pages"}],"about":[{"href":"https:\/\/gecotec.nl\/index.php?rest_route=\/wp\/v2\/types\/page"}],"author":[{"embeddable":true,"href":"https:\/\/gecotec.nl\/index.php?rest_route=\/wp\/v2\/users\/1"}],"replies":[{"embeddable":true,"href":"https:\/\/gecotec.nl\/index.php?rest_route=%2Fwp%2Fv2%2Fcomments&post=411"}],"version-history":[{"count":1,"href":"https:\/\/gecotec.nl\/index.php?rest_route=\/wp\/v2\/pages\/411\/revisions"}],"predecessor-version":[{"id":414,"href":"https:\/\/gecotec.nl\/index.php?rest_route=\/wp\/v2\/pages\/411\/revisions\/414"}],"wp:attachment":[{"href":"https:\/\/gecotec.nl\/index.php?rest_route=%2Fwp%2Fv2%2Fmedia&parent=411"}],"curies":[{"name":"wp","href":"https:\/\/api.w.org\/{rel}","templated":true}]}}