{"id":403,"date":"2024-06-13T09:55:57","date_gmt":"2024-06-13T09:55:57","guid":{"rendered":"https:\/\/gecotec.nl\/?page_id=403"},"modified":"2025-09-19T11:48:48","modified_gmt":"2025-09-19T11:48:48","slug":"ce-kennzeichnung","status":"publish","type":"page","link":"https:\/\/gecotec.nl\/?page_id=403&lang=de","title":{"rendered":"CE-Kennzeichnung"},"content":{"rendered":"\n<p><strong>Maschinen- und Anlagensicherheit<\/strong><\/p>\n\n\n\n<p>F\u00fcr neue Maschinen und Anlagen sind verschiedene europ\u00e4ische Richtlinien an zu wenden, die gesetzlichen Verpflichtungen definieren.<\/p>\n\n\n\n<p>F\u00fcr neue Maschinen ist die Maschinerichtlinie an zu wenden. F\u00fcr gebrauchten Maschinen (vor 1995) ist die Arbeitsst\u00e4ttenverordnung an zu wenden.<\/p>\n\n\n\n<div class=\"wp-block-media-text has-media-on-the-right is-stacked-on-mobile\" style=\"grid-template-columns:auto 25%\"><div class=\"wp-block-media-text__content\">\n<p>Werden gebrauchten Maschinen ge\u00e4ndert, wird es abh\u00e4ngig von der \u00c4nderung komplex und ist eine Beurteilung auf CE-Kennzeichnungspflicht erforderlich.<\/p>\n\n\n\n<p>Wir beraten in dieses breite Fachgebiet Kunden, auch au\u00dferhalb den Niederl\u00e4ndischen Grenzen und tragen dazu bei die relevante Unterlagen f\u00fcr das Technische Dossier zu erstellen.<\/p>\n\n\n\n<p>Wir f\u00fchren gegebenenfalls eine kontra Kontrolle durch mit Pr\u00fcfung auf \u00dcbereinstimmung mit der CE-Kennzeichnung des Produktes.<\/p>\n<\/div><figure class=\"wp-block-media-text__media\"><img loading=\"lazy\" decoding=\"async\" width=\"712\" height=\"722\" src=\"https:\/\/gecotec.nl\/wp-content\/uploads\/2025\/09\/european-map_en-4.jpg\" alt=\"\" class=\"wp-image-512 size-full\" srcset=\"https:\/\/gecotec.nl\/wp-content\/uploads\/2025\/09\/european-map_en-4.jpg 712w, https:\/\/gecotec.nl\/wp-content\/uploads\/2025\/09\/european-map_en-4-296x300.jpg 296w\" sizes=\"auto, (max-width: 712px) 100vw, 712px\" \/><\/figure><\/div>\n\n\n\n<p><strong>Die Kernbestandteile einer CE-Kennzeichnung:<\/strong><\/p>\n\n\n\n<p><strong>Beratung<\/strong><\/p>\n\n\n\n<p>Klare und pragmatische Beratung die weiter hilft mit L\u00f6sungen als Hauptziel.<\/p>\n\n\n\n<p><strong>Risikobeurteilung<\/strong><\/p>\n\n\n\n<p>Eine klare und \u00fcbersichtliche schriftliche Analyse von potentielle Risiken und relevante Ma\u00dfnahmen zur Reduzierung.<\/p>\n\n\n\n<p><strong>Technischen Dossier<\/strong><\/p>\n\n\n\n<p>Ein gut gef\u00fclltes Dossier das die gesetzlichen Anforderungen erf\u00fcllt und ein guter Schutz gegen Produkthaftung bietet.<\/p>\n\n\n\n<p><strong>Gebrauchsanweisung<\/strong><\/p>\n\n\n\n<p>Ein Dokument inhaltlich aufs Produkt abgestimmt und konzentriert auf die Zielgruppe, dazu versehen mit ein guter Schutz f\u00fcr Produkthaftung.<\/p>\n","protected":false},"excerpt":{"rendered":"<p>Maschinen- und Anlagensicherheit F\u00fcr neue Maschinen und Anlagen sind verschiedene europ\u00e4ische Richtlinien an zu wenden, die gesetzlichen Verpflichtungen definieren. F\u00fcr [&hellip;]<\/p>\n","protected":false},"author":1,"featured_media":0,"parent":0,"menu_order":0,"comment_status":"closed","ping_status":"closed","template":"","meta":{"site-sidebar-layout":"default","site-content-layout":"","ast-site-content-layout":"","site-content-style":"default","site-sidebar-style":"default","ast-global-header-display":"","ast-banner-title-visibility":"","ast-main-header-display":"","ast-hfb-above-header-display":"","ast-hfb-below-header-display":"","ast-hfb-mobile-header-display":"","site-post-title":"","ast-breadcrumbs-content":"","ast-featured-img":"","footer-sml-layout":"","theme-transparent-header-meta":"","adv-header-id-meta":"","stick-header-meta":"","header-above-stick-meta":"","header-main-stick-meta":"","header-below-stick-meta":"","astra-migrate-meta-layouts":"default","ast-page-background-enabled":"default","ast-page-background-meta":{"desktop":{"background-color":"var(--ast-global-color-4)","background-image":"","background-repeat":"repeat","background-position":"center center","background-size":"auto","background-attachment":"scroll","background-type":"","background-media":"","overlay-type":"","overlay-color":"","overlay-gradient":""},"tablet":{"background-color":"","background-image":"","background-repeat":"repeat","background-position":"center center","background-size":"auto","background-attachment":"scroll","background-type":"","background-media":"","overlay-type":"","overlay-color":"","overlay-gradient":""},"mobile":{"background-color":"","background-image":"","background-repeat":"repeat","background-position":"center center","background-size":"auto","background-attachment":"scroll","background-type":"","background-media":"","overlay-type":"","overlay-color":"","overlay-gradient":""}},"ast-content-background-meta":{"desktop":{"background-color":"var(--ast-global-color-5)","background-image":"","background-repeat":"repeat","background-position":"center center","background-size":"auto","background-attachment":"scroll","background-type":"","background-media":"","overlay-type":"","overlay-color":"","overlay-gradient":""},"tablet":{"background-color":"var(--ast-global-color-5)","background-image":"","background-repeat":"repeat","background-position":"center center","background-size":"auto","background-attachment":"scroll","background-type":"","background-media":"","overlay-type":"","overlay-color":"","overlay-gradient":""},"mobile":{"background-color":"var(--ast-global-color-5)","background-image":"","background-repeat":"repeat","background-position":"center center","background-size":"auto","background-attachment":"scroll","background-type":"","background-media":"","overlay-type":"","overlay-color":"","overlay-gradient":""}},"footnotes":""},"class_list":["post-403","page","type-page","status-publish","hentry"],"_links":{"self":[{"href":"https:\/\/gecotec.nl\/index.php?rest_route=\/wp\/v2\/pages\/403","targetHints":{"allow":["GET"]}}],"collection":[{"href":"https:\/\/gecotec.nl\/index.php?rest_route=\/wp\/v2\/pages"}],"about":[{"href":"https:\/\/gecotec.nl\/index.php?rest_route=\/wp\/v2\/types\/page"}],"author":[{"embeddable":true,"href":"https:\/\/gecotec.nl\/index.php?rest_route=\/wp\/v2\/users\/1"}],"replies":[{"embeddable":true,"href":"https:\/\/gecotec.nl\/index.php?rest_route=%2Fwp%2Fv2%2Fcomments&post=403"}],"version-history":[{"count":3,"href":"https:\/\/gecotec.nl\/index.php?rest_route=\/wp\/v2\/pages\/403\/revisions"}],"predecessor-version":[{"id":513,"href":"https:\/\/gecotec.nl\/index.php?rest_route=\/wp\/v2\/pages\/403\/revisions\/513"}],"wp:attachment":[{"href":"https:\/\/gecotec.nl\/index.php?rest_route=%2Fwp%2Fv2%2Fmedia&parent=403"}],"curies":[{"name":"wp","href":"https:\/\/api.w.org\/{rel}","templated":true}]}}