{"id":392,"date":"2024-06-13T09:28:50","date_gmt":"2024-06-13T09:28:50","guid":{"rendered":"https:\/\/gecotec.nl\/?page_id=392"},"modified":"2025-09-23T10:49:02","modified_gmt":"2025-09-23T10:49:02","slug":"bedrijfsprofiel-deutsch","status":"publish","type":"page","link":"https:\/\/gecotec.nl\/?page_id=392&lang=de","title":{"rendered":"Firmenprofil"},"content":{"rendered":"\n<figure class=\"wp-block-image size-full is-resized\"><img loading=\"lazy\" decoding=\"async\" width=\"2560\" height=\"1084\" src=\"https:\/\/gecotec.nl\/wp-content\/uploads\/2025\/09\/20250923_124136-1-scaled.jpg\" alt=\"\" class=\"wp-image-519\" style=\"width:1199px;height:auto\" srcset=\"https:\/\/gecotec.nl\/wp-content\/uploads\/2025\/09\/20250923_124136-1-scaled.jpg 2560w, https:\/\/gecotec.nl\/wp-content\/uploads\/2025\/09\/20250923_124136-1-300x127.jpg 300w, https:\/\/gecotec.nl\/wp-content\/uploads\/2025\/09\/20250923_124136-1-1024x434.jpg 1024w, https:\/\/gecotec.nl\/wp-content\/uploads\/2025\/09\/20250923_124136-1-768x325.jpg 768w, https:\/\/gecotec.nl\/wp-content\/uploads\/2025\/09\/20250923_124136-1-1536x650.jpg 1536w, https:\/\/gecotec.nl\/wp-content\/uploads\/2025\/09\/20250923_124136-1-2048x867.jpg 2048w\" sizes=\"auto, (max-width: 2560px) 100vw, 2560px\" \/><\/figure>\n\n\n\n<p>Gecotec ist ein dynamisches und flexibles Unternehmen mit sehr ausf\u00fchrliche Kentnisse und Erfahrung auf dem Gebiet der Maschine- und Anlagensicherheit.<\/p>\n\n\n\n<p>Seit 1993 besch\u00e4ftigen wir und mit der Maschinenrichtlinie 89\/392\/EEG, heutzutage 2006\/42\/EU und k\u00fcnftig die Maschineverordnung (EU) 2023\/1230.<\/p>\n\n\n\n<p>In die bereits 30+ Jahren Erfahrung wahren die T\u00e4tigkeiten anf\u00e4nglich CE-Seminaren\/Schulung, Beratung inklusive die Ausf\u00fchrung von Risikobeurteilung, Technischem Dossier und Betriebsanleitungen.<\/p>\n\n\n\n<p>Mittlerweile sind wir ausgewachsen zum Total Betreuer. Im Anschluss zu unsere Beratungsarbeit begleiten wir wenn gew\u00fcnscht das Projekt f\u00fcr Anpassungen in Bezug auf Maschinensicherheit Vorort.<\/p>\n\n\n\n<p>In alle Fazetten gilt dabei immer dass wir pragmatisch, detailliert und entscheidend vorgehen.<\/p>\n\n\n\n<p>Technik im breitem Sinne hat immer unser Interesse und daraus ist Energiemanagement entstanden. Energiesicherheit kan aus verschiedenen Gr\u00fcnden von Interesse sein und wird immer kritischer in der aktuelen Zeit von Netz-\u00fcberbelastung. Denke bei Energiesicherheit zum Beispiel an K\u00fchlungen f\u00fcr wichtigen Produkte\/Medizin oder ATEX verwandt die jederzeit funktionieren m\u00fcssen. Auch im Privat Bereich (Wohnung) kan es eine bewuste Wahl sein unabh\u00e4ngiger vom Energienetz sein u m\u00f6chten.&nbsp;&nbsp;&nbsp;<\/p>\n\n\n\n<p>Unsere T\u00e4tigkeiten f\u00fcr Energiemanagement umfassen technische L\u00f6sungen f\u00fcr Moglichkeiten wie Netz Stau, Peak Shaving und Backup f\u00fcr sowohl&nbsp; Industriesektor sowie Privatbereich.<\/p>\n\n\n\n<p><em>Gecotec \u2026<\/em><\/p>\n\n\n\n<ul class=\"wp-block-list\">\n<li><em>Kundenfreundliche Unterst\u00fctzung.<\/em><\/li>\n\n\n\n<li><em>Kundenbindung mittels Fachkentnisse und Erfahrung.<\/em><\/li>\n\n\n\n<li><em>Zusammenarbeit mit Kollegen.<\/em><\/li>\n<\/ul>\n","protected":false},"excerpt":{"rendered":"<p>Gecotec ist ein dynamisches und flexibles Unternehmen mit sehr ausf\u00fchrliche Kentnisse und Erfahrung auf dem Gebiet der Maschine- und Anlagensicherheit. [&hellip;]<\/p>\n","protected":false},"author":1,"featured_media":0,"parent":0,"menu_order":0,"comment_status":"closed","ping_status":"closed","template":"","meta":{"site-sidebar-layout":"default","site-content-layout":"","ast-site-content-layout":"","site-content-style":"default","site-sidebar-style":"default","ast-global-header-display":"","ast-banner-title-visibility":"","ast-main-header-display":"","ast-hfb-above-header-display":"","ast-hfb-below-header-display":"","ast-hfb-mobile-header-display":"","site-post-title":"","ast-breadcrumbs-content":"","ast-featured-img":"","footer-sml-layout":"","theme-transparent-header-meta":"","adv-header-id-meta":"","stick-header-meta":"","header-above-stick-meta":"","header-main-stick-meta":"","header-below-stick-meta":"","astra-migrate-meta-layouts":"default","ast-page-background-enabled":"default","ast-page-background-meta":{"desktop":{"background-color":"var(--ast-global-color-4)","background-image":"","background-repeat":"repeat","background-position":"center center","background-size":"auto","background-attachment":"scroll","background-type":"","background-media":"","overlay-type":"","overlay-color":"","overlay-gradient":""},"tablet":{"background-color":"","background-image":"","background-repeat":"repeat","background-position":"center center","background-size":"auto","background-attachment":"scroll","background-type":"","background-media":"","overlay-type":"","overlay-color":"","overlay-gradient":""},"mobile":{"background-color":"","background-image":"","background-repeat":"repeat","background-position":"center center","background-size":"auto","background-attachment":"scroll","background-type":"","background-media":"","overlay-type":"","overlay-color":"","overlay-gradient":""}},"ast-content-background-meta":{"desktop":{"background-color":"var(--ast-global-color-5)","background-image":"","background-repeat":"repeat","background-position":"center center","background-size":"auto","background-attachment":"scroll","background-type":"","background-media":"","overlay-type":"","overlay-color":"","overlay-gradient":""},"tablet":{"background-color":"var(--ast-global-color-5)","background-image":"","background-repeat":"repeat","background-position":"center center","background-size":"auto","background-attachment":"scroll","background-type":"","background-media":"","overlay-type":"","overlay-color":"","overlay-gradient":""},"mobile":{"background-color":"var(--ast-global-color-5)","background-image":"","background-repeat":"repeat","background-position":"center center","background-size":"auto","background-attachment":"scroll","background-type":"","background-media":"","overlay-type":"","overlay-color":"","overlay-gradient":""}},"footnotes":""},"class_list":["post-392","page","type-page","status-publish","hentry"],"_links":{"self":[{"href":"https:\/\/gecotec.nl\/index.php?rest_route=\/wp\/v2\/pages\/392","targetHints":{"allow":["GET"]}}],"collection":[{"href":"https:\/\/gecotec.nl\/index.php?rest_route=\/wp\/v2\/pages"}],"about":[{"href":"https:\/\/gecotec.nl\/index.php?rest_route=\/wp\/v2\/types\/page"}],"author":[{"embeddable":true,"href":"https:\/\/gecotec.nl\/index.php?rest_route=\/wp\/v2\/users\/1"}],"replies":[{"embeddable":true,"href":"https:\/\/gecotec.nl\/index.php?rest_route=%2Fwp%2Fv2%2Fcomments&post=392"}],"version-history":[{"count":3,"href":"https:\/\/gecotec.nl\/index.php?rest_route=\/wp\/v2\/pages\/392\/revisions"}],"predecessor-version":[{"id":520,"href":"https:\/\/gecotec.nl\/index.php?rest_route=\/wp\/v2\/pages\/392\/revisions\/520"}],"wp:attachment":[{"href":"https:\/\/gecotec.nl\/index.php?rest_route=%2Fwp%2Fv2%2Fmedia&parent=392"}],"curies":[{"name":"wp","href":"https:\/\/api.w.org\/{rel}","templated":true}]}}